{"id":3207,"date":"2024-03-08T11:34:58","date_gmt":"2024-03-08T09:34:58","guid":{"rendered":"https:\/\/autolink.pl\/?page_id=3207"},"modified":"2024-04-01T15:36:03","modified_gmt":"2024-04-01T13:36:03","slug":"home","status":"publish","type":"page","link":"https:\/\/autolink.pl\/pl\/","title":{"rendered":"Logistyka pojazd\u00f3w i mi\u0119dzynarodowy transport | Autolink"},"content":{"rendered":"<div class=\"wpb-content-wrapper\"><p>[vc_row][vc_column][rev_slider_vc alias=&#8221;main_slider&#8221;][\/vc_column][\/vc_row][vc_row full_width=&#8221;stretch_row&#8221; css=&#8221;.vc_custom_1518445047899{margin-bottom: 0px !important;padding-top: 25px !important;padding-bottom: 25px !important;}&#8221; el_class=&#8221;secondary_bg_color&#8221;][vc_column width=&#8221;1\/2&#8243; offset=&#8221;vc_col-lg-3 vc_col-md-3&#8243;][stm_counter counter_value=&#8221;320&#8243; drawing=&#8221;yes&#8221; icon_width_svg=&#8221;65&#8243; icon_size=&#8221;64&#8243; title=&#8221;Projekty wykonane&#8221; drawing_icon=&#8221;stm-projects-done&#8221; icon_color=&#8221;#004489&#8243; font_color=&#8221;#ffffff&#8221; css=&#8221;.vc_custom_1709894260281{margin-bottom: 0px !important;}&#8221;][\/vc_column][vc_column width=&#8221;1\/2&#8243; offset=&#8221;vc_col-lg-3 vc_col-md-3&#8243;][stm_counter counter_value=&#8221;72&#8243; drawing=&#8221;yes&#8221; icon_width_svg=&#8221;64&#8243; icon_size=&#8221;68&#8243; title=&#8221;Klienci na ca\u0142ym \u015bwiecie&#8221; drawing_icon=&#8221;stm-clients-worldwide&#8221; icon_color=&#8221;#004489&#8243; font_color=&#8221;#ffffff&#8221; css=&#8221;.vc_custom_1709894291900{margin-bottom: 0px !important;}&#8221;][\/vc_column][vc_column width=&#8221;1\/2&#8243; offset=&#8221;vc_col-lg-3 vc_col-md-3&#8243;][stm_counter counter_value=&#8221;153&#8243; drawing=&#8221;yes&#8221; icon_width=&#8221;80&#8243; icon_width_svg=&#8221;52&#8243; icon_size=&#8221;67&#8243; title=&#8221;Posiadane pojazdy&#8221; drawing_icon=&#8221;stm-owned-vehicles&#8221; icon_color=&#8221;#004489&#8243; font_color=&#8221;#ffffff&#8221; css=&#8221;.vc_custom_1709894305043{margin-bottom: 0px !important;}&#8221;][\/vc_column][vc_column width=&#8221;1\/2&#8243; offset=&#8221;vc_col-lg-3 vc_col-md-3&#8243;][stm_counter counter_value=&#8221;114&#8243; drawing=&#8221;yes&#8221; icon_width=&#8221;100&#8243; icon_width_svg=&#8221;68&#8243; icon_size=&#8221;67&#8243; title=&#8221;Ludzie w zespole&#8221; drawing_icon=&#8221;stm-people-in-team&#8221; icon_color=&#8221;#004489&#8243; font_color=&#8221;#ffffff&#8221; css=&#8221;.vc_custom_1709894317151{margin-bottom: 0px !important;}&#8221;][\/vc_column][vc_column][\/vc_column][\/vc_row][vc_row full_width=&#8221;stretch_row&#8221; css=&#8221;.vc_custom_1518449109346{margin-bottom: 0px !important;padding-top: 80px !important;padding-bottom: 80px !important;}&#8221; el_class=&#8221;base_bg_color&#8221;][vc_column width=&#8221;1\/4&#8243;][vc_column_text]<\/p>\n<h1><span style=\"color: #ffffff;\">SPECJALNE US\u0141UGI<\/span><\/h1>\n<div class=\"divi\"><\/div>\n<p><span style=\"color: #ffffff;\">Dobrze znany z naszej zdolno\u015bci do obs\u0142ugi ka\u017cdego najdrobniejszego szczeg\u00f3\u0142u specjalnych potrzeb naszych klient\u00f3w w zakresie logistyki i spedycji, zesp\u00f3\u0142 Autolink zajmuje si\u0119 ca\u0142\u0105 Twoj\u0105 logistyk\u0105.<\/span>[\/vc_column_text][\/vc_column][vc_column width=&#8221;3\/4&#8243; css=&#8221;.vc_custom_1707130779450{border-top-width: -10px !important;border-right-width: -10px !important;border-bottom-width: -10px !important;border-left-width: -10px !important;}&#8221;][vc_row_inner equal_height=&#8221;yes&#8221; gap=&#8221;20&#8243;][vc_column_inner width=&#8221;1\/3&#8243; css=&#8221;.vc_custom_1707130984702{background-color: #ffffff !important;border: 20px initial !important;}&#8221;][vc_single_image image=&#8221;2704&#8243; img_size=&#8221;full&#8221; alignment=&#8221;center&#8221; onclick=&#8221;custom_link&#8221; css=&#8221;.vc_custom_1707134502593{margin-top: -10px !important;margin-right: -10px !important;margin-bottom: -2px !important;margin-left: -10px !important;background-position: center !important;background-repeat: no-repeat !important;background-size: cover !important;}&#8221; link=&#8221;https:\/\/autolink.pl\/thegallery\/#1525286476097-10207f1d-6b3f&#8221;][vc_column_text]<strong><a href=\"https:\/\/autolink.pl\/services\/road-transport-services\/\">Us\u0142ugi transportu drogowego<\/a><\/strong><\/p>\n<p>Grupa Autolink \u015bwiadczy us\u0142ugi transportu gotowych pojazd\u00f3w za pomoc\u0105 w\u0142asnej floty autotransporter\u00f3w spe\u0142niaj\u0105cych najnowsze normy EURO.<\/p>\n<p><a href=\"https:\/\/autolink.pl\/services\/road-transport-services\/\">Czytaj wi\u0119cej.<\/a>[\/vc_column_text][\/vc_column_inner][vc_column_inner width=&#8221;1\/3&#8243; css=&#8221;.vc_custom_1707130998100{background-color: #ffffff !important;border: 20px initial !important;}&#8221;][vc_single_image image=&#8221;3560&#8243; img_size=&#8221;full&#8221; alignment=&#8221;center&#8221; onclick=&#8221;custom_link&#8221; css=&#8221;.vc_custom_1711978546786{margin-top: -10px !important;margin-right: -10px !important;margin-bottom: -2px !important;margin-left: -10px !important;background-position: center !important;background-repeat: no-repeat !important;background-size: cover !important;}&#8221; link=&#8221;https:\/\/autolink.pl\/thegallery\/#1525283562737-a7099b3f-bf71&#8243;][vc_column_text]<strong><a href=\"https:\/\/autolink.pl\/services\/terminal-services\/\">Us\u0142ugi terminalowe<\/a><\/strong><\/p>\n<p>Autolink Group AS operuje na 3 terminalach portowych zlokalizowanych w Rostocku (Niemcy), Paldiski (Estonia) oraz Hanko (Finlandia).<\/p>\n<p><a href=\"https:\/\/autolink.pl\/services\/terminal-services\/\">Czytaj wi\u0119cej.<\/a>[\/vc_column_text][\/vc_column_inner][vc_column_inner width=&#8221;1\/3&#8243; css=&#8221;.vc_custom_1707132174169{background-color: #ffffff !important;}&#8221;][vc_single_image image=&#8221;3556&#8243; img_size=&#8221;full&#8221; alignment=&#8221;center&#8221; onclick=&#8221;custom_link&#8221; css=&#8221;.vc_custom_1711978558035{margin-top: -10px !important;margin-right: -10px !important;margin-bottom: -2px !important;margin-left: -10px !important;background-position: center !important;background-repeat: no-repeat !important;background-size: cover !important;}&#8221; link=&#8221;https:\/\/autolink.pl\/thegallery\/#1525286529057-084be3fb-4130&#8243;][vc_column_text]<strong><a href=\"https:\/\/autolink.pl\/services\/railway-transport-services\/\">Us\u0142ugi transportu kolejowego<\/a><\/strong><\/p>\n<p><span style=\"color: #000000;\">Grupa Autolink posiada wagony do przewozu samochod\u00f3w do przewoz\u00f3w z Europy do Azji Centralnej \u200e \u200e \u200e \u200e \u200e \u200e \u200e \u200e \u200e \u200e \u200e \u200e \u200e \u200e \u200e \u200e \u200e \u200e \u200e \u200e \u200e \u200e \u200e \u200e \u200e \u200e \u200e \u200e\u00a0<\/span><\/p>\n<p><a href=\"https:\/\/autolink.pl\/services\/railway-transport-services\/\">Czytaj wi\u0119cej.<\/a>[\/vc_column_text][\/vc_column_inner][\/vc_row_inner][\/vc_column][\/vc_row][vc_row equal_height=&#8221;yes&#8221; css=&#8221;.vc_custom_1518447348586{padding-top: 70px !important;padding-bottom: 70px !important;}&#8221;][vc_column offset=&#8221;vc_col-lg-6 vc_col-md-6&#8243;][vc_raw_html]JTNDZGl2JTIwY2xhc3MlM0QlMjdJbnRlcm5hdGlvbmFsJTIwdmVoaWNsZSUyMHNoaXBwaW5nJTIwJTI2YW1wJTNCJTIwTG9naXN0aWNzJTI3JTNFJTBBJTNDaDIlM0VETEFDWkVHTyUyMEFVVE9MSU5LJTNGJTNDJTJGaDIlM0UlMEElM0NkaXYlMjBjbGFzcyUzRCUyN2RpdmklMjclM0UlM0MlMkZkaXYlM0UlMEElM0NwJTNFJTBBQVVUT0xJTkslMjBqZXN0JTIwZ3J1cCVDNCU4NSUyMGZpcm0lMkMlMjBrdCVDMyVCM3J5Y2glMjBnJUM1JTgyJUMzJUIzd255bSUyMHBvbGVtJTIwYWt0eXdubyVDNSU5QmNpJTIwamVzdCUyMHRyYW5zcG9ydCUyMHNhbW9jaG9kJUMzJUIzdyUyMG9zb2Jvd3ljaC4lMjBOYXN6eW1pJTIwa2xpZW50YW1pJTIwcyVDNCU4NSUyMHByb2R1Y2VuY2klMkMlMjBpbXBvcnRlcnp5JTJDJTIwZWtzcG9ydGVyenklMjBvcmF6JTIwZGVhbGVyenklMjBzYW1vY2hvZG93aSUyMG5pZSUyMHR5bGtvJTIwdyUyMEV1cm9waWUlMkMlMjBhbGUlMjByJUMzJUIzd25pZSVDNSVCQyUyMHclMjBBemppJTIwJUM1JTlBcm9ka293ZWolMkMlMjBNb25nb2xpaSUyMG9yYXolMjBDaGluYWNoLiUwQSUzQyUyRnAlM0UlMEElM0NwJTNFJTBBQXV0b2xpbmslMjBHcm91cCUyMHNrdXBpYSUyMHclMjBzb2JpZSUyMGZpcm15JTIwem5hamR1aiVDNCU4NWNlJTIwc2klQzQlOTklMjB3JTNBJTIwSGFua28lMjAlMjhGaW5sYW5kaWElMjklMkMlMjBQYWxkaXNraSUyMCUyOEVzdG9uaWElMjklMkMlMjBXaWxuaWUlMjAlMjhMaXR3YSUyOSUyQyUyMEdkYSVDNSU4NHNrdSUyMCUyOFBvbHNrYSUyOSUyQyUyMFJvc3RvY2t1JTIwb3JheiUyMEhhbWJ1cmd1JTIwJTI4TmllbWN5JTI5JTJDJTIwYSUyMHRhayVDNSVCQ2UlMjB3JTIwQSVDNSU4Mm1hdGFjaCUyMCUyOEthemFjaHN0YW4lMjkuJTBBJTNDJTJGcCUzRSUwQSUzQyUyRmRpdiUzRQ==[\/vc_raw_html][\/vc_column][vc_column offset=&#8221;vc_col-lg-6 vc_col-md-6 vc_hidden-sm vc_hidden-xs&#8221;][vc_single_image image=&#8221;3219&#8243; img_size=&#8221;full&#8221; alignment=&#8221;center&#8221; onclick=&#8221;custom_link&#8221; img_link_target=&#8221;_blank&#8221; link=&#8221;https:\/\/www.youtube.com\/watch?v=PWs42VtqsaI&#8221;][\/vc_column][\/vc_row][vc_row full_width=&#8221;stretch_row&#8221; content_placement=&#8221;middle&#8221; css=&#8221;.vc_custom_1518449143822{margin-bottom: 0px !important;padding-top: 53px !important;padding-bottom: 53px !important;background-color: #dc0c1a !important;}&#8221;][vc_column][vc_row_inner][vc_column_inner][stm_image_carousel img_size=&#8221;full&#8221; autoplay=&#8221;yes&#8221; timeout=&#8221;3000&#8243; loop=&#8221;yes&#8221; items=&#8221;5&#8243; items_mobile=&#8221;2&#8243; images=&#8221;1456,1457,1458,1459,1460,1461,1462,1463,1464,1465,1466,1467,1468,1469,1470,1471&#8243;][\/vc_column_inner][\/vc_row_inner][\/vc_column][\/vc_row][vc_row full_width=&#8221;stretch_row&#8221; equal_height=&#8221;yes&#8221; css=&#8221;.vc_custom_1518449920762{background-color: #cbdae1 !important;}&#8221;][vc_column offset=&#8221;vc_col-lg-6 vc_col-md-6&#8243; css=&#8221;.vc_custom_1530794870868{margin-bottom: 0px !important;}&#8221;][vc_single_image image=&#8221;3239&#8243; img_size=&#8221;full&#8221; alignment=&#8221;center&#8221; onclick=&#8221;custom_link&#8221; img_link_target=&#8221;_blank&#8221; css=&#8221;.vc_custom_1711112150920{margin-bottom: 0px !important;}&#8221;][\/vc_column][vc_column offset=&#8221;vc_col-lg-6 vc_col-md-6&#8243;][vc_raw_html]JTNDZGl2JTIwY2xhc3MlM0QlMjdzdXBwb3J0YSUyNyUzRSUwQSUzQ2gzJTNFRG90cnp5aiUyMGRvJTIwY2VsdSUyMHclMjAxMDAlMjUlMjBwZXdueSUyMGklMjBiZXpwaWVjem55JTIwc3BvcyVDMyVCM2IlM0MlMkZoMyUzRSUwQSUzQ2RpdiUyMGNsYXNzJTNEJTI3ZGl2aSUyNyUzRSUzQyUyRmRpdiUzRSUwQSUzQ3AlM0UlMEFDenklMjBzenVrYXN6JTIwb2Rwb3dpZWR6aSUyQyUyMGNoY2VzeiUyMHJvendpJUM0JTg1emElQzQlODclMjBwcm9ibGVtJTJDJTIwY3p5JTIwcG8lMjBwcm9zdHUlMjBjaGNlc3olMjBuYW0lMjBwcnpla2F6YSVDNCU4NyUyMHN3b2olQzQlODUlMjBvcGluaSVDNCU5OSUyQyUyMHpuYWpkemllc3olMjB0dXRhaiUyMHdpZWxlJTIwc3Bvc29iJUMzJUIzdyUyQyUyMGFieSUyMHNpJUM0JTk5JTIweiUyMG5hbWklMjBza29udGFrdG93YSVDNCU4Ny4lMjBQb21vJUM1JUJDZW15JTIwQ2klMjBzenlia28lMjBpJTIwJUM1JTgyYXR3byUyMHJvendpJUM0JTg1emElQzQlODclMjBUd29qZSUyMHByb2JsZW15JTJDJTIwYWJ5JUM1JTlCJTIwbSVDMyVCM2clQzUlODIlMjB3ciVDMyVCM2NpJUM0JTg3JTIwZG8lMjB3YSVDNSVCQ25pZWpzenljaCUyMHNwcmF3LiUwQSUzQyUyRnAlM0UlMEElM0NhJTIwaHJlZiUzRCUyNyUyRmNvbnRhY3RzJTJGJTI3JTNFU2tvbnRha3R1aiUyMHNpJUM0JTk5JTIweiUyMG5hbWklMjBqdSVDNSVCQyUyMHRlcmF6LiUzQyUyRmElM0UlMEElM0MlMkZkaXYlM0U=[\/vc_raw_html][\/vc_column][\/vc_row][vc_row full_width=&#8221;stretch_row&#8221; css=&#8221;.vc_custom_1518451244584{background-color: #e9e9e9 !important;}&#8221; el_class=&#8221;mapruts&#8221;][vc_column][vc_raw_html]JTNDZGl2JTIwY2xhc3MlM0QlMjdtYXBrYTEyMzQ1NiUyNyUzRSUwQSUzQ2ltZyUyMHNyYyUzRCUyNyUyRndwLWNvbnRlbnQlMkZ1cGxvYWRzJTJGMjAxOSUyRjAyJTJGYXV0b2xpbmtfcm91dGVzX21fbHQuc3ZnJTI3JTNFJTBBJTNDJTJGZGl2JTNF[\/vc_raw_html][\/vc_column][\/vc_row]<\/p>\n<\/div>","protected":false},"excerpt":{"rendered":"<p>[vc_row][vc_column][rev_slider_vc alias=&#8221;main_slider&#8221;][\/vc_column][\/vc_row][vc_row full_width=&#8221;stretch_row&#8221; css=&#8221;.vc_custom_1518445047899{margin-bottom: 0px !important;padding-top: 25px !important;padding-bottom: 25px !important;}&#8221; el_class=&#8221;secondary_bg_color&#8221;][vc_column width=&#8221;1\/2&#8243; offset=&#8221;vc_col-lg-3 vc_col-md-3&#8243;][stm_counter counter_value=&#8221;320&#8243; drawing=&#8221;yes&#8221; icon_width_svg=&#8221;65&#8243; icon_size=&#8221;64&#8243; title=&#8221;Projekty wykonane&#8221; drawing_icon=&#8221;stm-projects-done&#8221; icon_color=&#8221;#004489&#8243; font_color=&#8221;#ffffff&#8221; css=&#8221;.vc_custom_1709894260281{margin-bottom: 0px !important;}&#8221;][\/vc_column][vc_column width=&#8221;1\/2&#8243; offset=&#8221;vc_col-lg-3 vc_col-md-3&#8243;][stm_counter counter_value=&#8221;72&#8243; drawing=&#8221;yes&#8221; icon_width_svg=&#8221;64&#8243; icon_size=&#8221;68&#8243;&#8230;<\/p>\n","protected":false},"author":1,"featured_media":0,"parent":0,"menu_order":10,"comment_status":"closed","ping_status":"open","template":"","meta":{"inline_featured_image":false,"footnotes":""},"class_list":["post-3207","page","type-page","status-publish","hentry"],"amp_enabled":true,"_links":{"self":[{"href":"https:\/\/autolink.pl\/pl\/wp-json\/wp\/v2\/pages\/3207","targetHints":{"allow":["GET"]}}],"collection":[{"href":"https:\/\/autolink.pl\/pl\/wp-json\/wp\/v2\/pages"}],"about":[{"href":"https:\/\/autolink.pl\/pl\/wp-json\/wp\/v2\/types\/page"}],"author":[{"embeddable":true,"href":"https:\/\/autolink.pl\/pl\/wp-json\/wp\/v2\/users\/1"}],"replies":[{"embeddable":true,"href":"https:\/\/autolink.pl\/pl\/wp-json\/wp\/v2\/comments?post=3207"}],"version-history":[{"count":17,"href":"https:\/\/autolink.pl\/pl\/wp-json\/wp\/v2\/pages\/3207\/revisions"}],"predecessor-version":[{"id":3567,"href":"https:\/\/autolink.pl\/pl\/wp-json\/wp\/v2\/pages\/3207\/revisions\/3567"}],"wp:attachment":[{"href":"https:\/\/autolink.pl\/pl\/wp-json\/wp\/v2\/media?parent=3207"}],"curies":[{"name":"wp","href":"https:\/\/api.w.org\/{rel}","templated":true}]}}