{"id":3254,"date":"2024-03-08T12:39:52","date_gmt":"2024-03-08T10:39:52","guid":{"rendered":"https:\/\/autolink.pl\/?page_id=3254"},"modified":"2024-03-28T11:58:21","modified_gmt":"2024-03-28T09:58:21","slug":"galeria","status":"publish","type":"page","link":"https:\/\/autolink.pl\/pl\/galeria\/","title":{"rendered":"Galeria"},"content":{"rendered":"<div class=\"wpb-content-wrapper\"><p>[vc_row full_width=&#8221;stretch_row_content_no_spaces&#8221; css=&#8221;.vc_custom_1448260173217{margin-bottom: 70px !important;}&#8221;][vc_column width=&#8221;1\/6&#8243;][\/vc_column][vc_column width=&#8221;2\/3&#8243;][vc_tta_tabs style=&#8221;modern&#8221; shape=&#8221;square&#8221; color=&#8221;white&#8221; alignment=&#8221;center&#8221; active_section=&#8221;1&#8243; no_fill_content_area=&#8221;true&#8221; el_class=&#8221;galereja&#8221;][vc_tta_section title=&#8221;Ci\u0119\u017car\u00f3wki&#8221; tab_id=&#8221;1525286476097-10207f1d-6b3f&#8221;][vc_masonry_media_grid element_width=&#8221;3&#8243; grid_id=&#8221;vc_gid:1709897122658-d98e9aad-c6b7-0&#8243; include=&#8221;3308,3309,3310,3311,3312,3313,3314,3315,3316,3347,3348,3349,3350,3351,3352,3353,3354,3355,3356,3357,3358,3359,3360,3361,3362,3363,3364,3365,3366,3367,3368&#8243;][\/vc_tta_section][vc_tta_section title=&#8221;Terminal&#8221; tab_id=&#8221;1525283562737-a7099b3f-bf71&#8243;][vc_masonry_media_grid element_width=&#8221;3&#8243; grid_id=&#8221;vc_gid:1709897122682-af854f3e-f2f2-4&#8243; include=&#8221;3290,3291,3292,3293,3294,3295,3296,3297,3298,3299,3300,3301,3302,3303&#8243;][\/vc_tta_section][vc_tta_section title=&#8221;Wagony&#8221; tab_id=&#8221;1525286529057-084be3fb-4130&#8243;][vc_masonry_media_grid element_width=&#8221;3&#8243; grid_id=&#8221;vc_gid:1709897122698-86f77260-086d-0&#8243; include=&#8221;3317,3318,3319,3320,3321,3322,3323,3324,3325,3326,3327,3328,3329,3330,3331,3332,3333,3334,3335,3336,3337,3338,3339,3340,3341,3342,3343,3344,3345,3346,3281,3282,3283,3284,3285,3287,3288,3286,3280,3279,3278,3277,3276,3275,3274,3273,3272,3271,3270,3269,3268,3267,3266,3265,3264,3263,3262,3261,3260,3259,3258,3257,3256,3255,1788,1782,3289,1830,1836&#8243;][\/vc_tta_section][\/vc_tta_tabs][\/vc_column][vc_column width=&#8221;1\/6&#8243;][\/vc_column][\/vc_row]<\/p>\n<\/div>","protected":false},"excerpt":{"rendered":"<p>[vc_row full_width=&#8221;stretch_row_content_no_spaces&#8221; css=&#8221;.vc_custom_1448260173217{margin-bottom: 70px !important;}&#8221;][vc_column width=&#8221;1\/6&#8243;][\/vc_column][vc_column width=&#8221;2\/3&#8243;][vc_tta_tabs style=&#8221;modern&#8221; shape=&#8221;square&#8221; color=&#8221;white&#8221; alignment=&#8221;center&#8221; active_section=&#8221;1&#8243; no_fill_content_area=&#8221;true&#8221; el_class=&#8221;galereja&#8221;][vc_tta_section title=&#8221;Ci\u0119\u017car\u00f3wki&#8221; tab_id=&#8221;1525286476097-10207f1d-6b3f&#8221;][vc_masonry_media_grid element_width=&#8221;3&#8243; grid_id=&#8221;vc_gid:1709897122658-d98e9aad-c6b7-0&#8243; include=&#8221;3308,3309,3310,3311,3312,3313,3314,3315,3316,3347,3348,3349,3350,3351,3352,3353,3354,3355,3356,3357,3358,3359,3360,3361,3362,3363,3364,3365,3366,3367,3368&#8243;][\/vc_tta_section][vc_tta_section title=&#8221;Terminal&#8221; tab_id=&#8221;1525283562737-a7099b3f-bf71&#8243;][vc_masonry_media_grid element_width=&#8221;3&#8243; grid_id=&#8221;vc_gid:1709897122682-af854f3e-f2f2-4&#8243; include=&#8221;3290,3291,3292,3293,3294,3295,3296,3297,3298,3299,3300,3301,3302,3303&#8243;][\/vc_tta_section][vc_tta_section title=&#8221;Wagony&#8221; tab_id=&#8221;1525286529057-084be3fb-4130&#8243;][vc_masonry_media_grid element_width=&#8221;3&#8243; grid_id=&#8221;vc_gid:1709897122698-86f77260-086d-0&#8243; include=&#8221;3317,3318,3319,3320,3321,3322,3323,3324,3325,3326,3327,3328,3329,3330,3331,3332,3333,3334,3335,3336,3337,3338,3339,3340,3341,3342,3343,3344,3345,3346,3281,3282,3283,3284,3285,3287,3288,3286,3280,3279,3278,3277,3276,3275,3274,3273,3272,3271,3270,3269,3268,3267,3266,3265,3264,3263,3262,3261,3260,3259,3258,3257,3256,3255,1788,1782,3289,1830,1836&#8243;][\/vc_tta_section][\/vc_tta_tabs][\/vc_column][vc_column width=&#8221;1\/6&#8243;][\/vc_column][\/vc_row]<\/p>\n","protected":false},"author":1,"featured_media":0,"parent":0,"menu_order":7,"comment_status":"closed","ping_status":"closed","template":"","meta":{"inline_featured_image":false,"footnotes":""},"class_list":["post-3254","page","type-page","status-publish","hentry"],"amp_enabled":true,"_links":{"self":[{"href":"https:\/\/autolink.pl\/pl\/wp-json\/wp\/v2\/pages\/3254","targetHints":{"allow":["GET"]}}],"collection":[{"href":"https:\/\/autolink.pl\/pl\/wp-json\/wp\/v2\/pages"}],"about":[{"href":"https:\/\/autolink.pl\/pl\/wp-json\/wp\/v2\/types\/page"}],"author":[{"embeddable":true,"href":"https:\/\/autolink.pl\/pl\/wp-json\/wp\/v2\/users\/1"}],"replies":[{"embeddable":true,"href":"https:\/\/autolink.pl\/pl\/wp-json\/wp\/v2\/comments?post=3254"}],"version-history":[{"count":5,"href":"https:\/\/autolink.pl\/pl\/wp-json\/wp\/v2\/pages\/3254\/revisions"}],"predecessor-version":[{"id":3399,"href":"https:\/\/autolink.pl\/pl\/wp-json\/wp\/v2\/pages\/3254\/revisions\/3399"}],"wp:attachment":[{"href":"https:\/\/autolink.pl\/pl\/wp-json\/wp\/v2\/media?parent=3254"}],"curies":[{"name":"wp","href":"https:\/\/api.w.org\/{rel}","templated":true}]}}