{"id":3372,"date":"2024-03-08T12:40:46","date_gmt":"2024-03-08T10:40:46","guid":{"rendered":"https:\/\/autolink.pl\/?page_id=3372"},"modified":"2025-12-29T13:31:10","modified_gmt":"2025-12-29T11:31:10","slug":"kontakt","status":"publish","type":"page","link":"https:\/\/autolink.pl\/pl\/kontakt\/","title":{"rendered":"Kontakt"},"content":{"rendered":"<div class=\"wpb-content-wrapper\"><p>[vc_row equal_height=&#8221;yes&#8221;][vc_column offset=&#8221;vc_col-lg-3 vc_col-md-12 vc_col-xs-12&#8243; css=&#8221;.vc_custom_1530797918829{margin-bottom: 0px !important;}&#8221;][vc_row_inner][vc_column_inner][vc_raw_html]JTNDZGl2JTIwY2xhc3MlM0QlMjdjb250bWFpbiUyMHNwZWNpJTI3JTNFJTBBJTNDaDQlM0VBdXRvbGluayUyMFBvbGFuZCUyMFNwLiUyMHolMjBvLm8uJTNDJTJGaDQlM0UlMEElM0NoNSUzRSUzQ2ElMjBocmVmJTNEJTI3aHR0cHMlM0ElMkYlMkZtYXBzLmFwcC5nb28uZ2wlMkYzbXZyWGpZYmNZNm4xZ2duOSUyNyUyMHRhcmdldCUzRCUyMl9ibGFuayUyMiUzRVVsLiUyMEJ1ZG93bGFueWNoJTIwNjhDJTJDJTIwR2RhJUM1JTg0c2slMkMlMjA4MC0yOTglMkMlMjBQb2xhbmQlM0MlMkZhJTNFJTBBJTNDc3BhbiUzRXRlbGVmb24lMjAlM0NhJTIwaHJlZiUzRCUyN3RlbCUzQTAwNDg1ODY3MDQ1ODMlMjclM0UlMkIlMjA0OCUyMDUlMjA4NjcwJTIwNDU4MyUzQyUyRmElM0UlM0MlMkZzcGFuJTNFJTBBJTNDc3BhbiUzRSUzQ2ElMjBocmVmJTNEJTI3bWFpbHRvJTNBaW5mbyU0MGF1dG9saW5rLnBsJTI3JTNFaW5mbyU0MGF1dG9saW5rLnBsJTNDJTJGYSUzRSUzQyUyRnNwYW4lM0UlMEElM0MlMkZkaXYlM0U=[\/vc_raw_html][\/vc_column_inner][\/vc_row_inner][\/vc_column][vc_column offset=&#8221;vc_col-lg-9 vc_col-md-12 vc_col-xs-12&#8243;][vc_row_inner css=&#8221;.vc_custom_1523829845652{margin-bottom: 60px !important;}&#8221;][vc_column_inner el_class=&#8221;vottak&#8221; width=&#8221;1\/3&#8243;][vc_raw_html css=&#8221;&#8221;]JTNDZGl2JTIwY2xhc3MlM0QlMjdjb250bWFpbiUyNyUzRSUwQSUzQ2g0JTNFRWR2aW5hcyUyMFJ5YmVsaXMlM0MlMkZoNCUzRSUwQSUzQ3AlMjBzdHlsZSUzRCUyMmNvbG9yJTNBJTIzZGMwYjE5JTNCJTIyJTNFQ3olQzUlODJvbmVrJTIwWmFyeiVDNCU4NWR1JTNDJTJGcCUzRSUwQSUzQyUyRmRpdiUzRQ==[\/vc_raw_html][\/vc_column_inner][vc_column_inner el_class=&#8221;vottak&#8221; width=&#8221;1\/3&#8243;][\/vc_column_inner][vc_column_inner el_class=&#8221;vottak&#8221; width=&#8221;1\/3&#8243;][\/vc_column_inner][\/vc_row_inner][vc_column_text]<\/p>\n<h5>PROSIMY O KONTAKT MAILOWY PONI\u017bEJ.<\/h5>\n<p>[\/vc_column_text][vc_row_inner css=&#8221;.vc_custom_1523829848950{margin-bottom: 60px !important;}&#8221;][vc_column_inner el_class=&#8221;vottak&#8221;][vc_column_text]<span style=\"color: #004489;\">Cz\u0119ste pytania, oferty &#8211; <a href=\"mailto:info@autolink.pl\">info@autolink.pl<\/a><\/span><br \/>\n<span style=\"color: #004489;\">Zg\u0142oszenia transportowe &#8211; <a href=\"mailto:spedition@autolink.pl\">spedition@autolink.pl<\/a><\/span><br \/>\n<span style=\"color: #004489;\">Do\u0142\u0105cz do naszego zespo\u0142u &#8211; <a href=\"mailto:cv@autolink.pl\">cv@autolink.pl<\/a><\/span>[\/vc_column_text][\/vc_column_inner][\/vc_row_inner][\/vc_column][\/vc_row][vc_row full_width=&#8221;stretch_row_content_no_spaces&#8221; css=&#8221;.vc_custom_1447738052361{margin-bottom: 0px !important;}&#8221;][vc_column][vc_gmaps link=&#8221;#E-8_JTNDaWZyYW1lJTIwc3JjJTNEJTIyaHR0cHMlM0ElMkYlMkZ3d3cuZ29vZ2xlLmNvbSUyRm1hcHMlMkZlbWJlZCUzRnBiJTNEJTIxMW0xOCUyMTFtMTIlMjExbTMlMjExZDU4MS4wMjQ5ODA2NjQ1MzMxJTIxMmQxOC41MDU2Njc2NDkyMDM4MzMlMjEzZDU0LjM3Mjg4NDU5NjYzMjY1JTIxMm0zJTIxMWYwJTIxMmYwJTIxM2YwJTIxM20yJTIxMWkxMDI0JTIxMmk3NjglMjE0ZjEzLjElMjEzbTMlMjExbTIlMjExczB4NDZmZDc1ODJlZjA0NDMwNSUyNTNBMHhjMDBiYmU4N2U2YjAwNzljJTIxMnpRblZrYjNkc1lXNTVZMmdnTmpoRExDQTRNQzB5T1RnZ1IyUmh4WVJ6YXl3ZzBKX1F2dEM3MFl6UmlOQ3clMjE1ZTAlMjEzbTIlMjExc3J1JTIxMnNlZSUyMTR2MTcxMTAxNjQyODM0NSUyMTVtMiUyMTFzcnUlMjEyc2VlJTIyJTIwd2lkdGglM0QlMjI2MDAlMjIlMjBoZWlnaHQlM0QlMjI0NTAlMjIlMjBzdHlsZSUzRCUyMmJvcmRlciUzQTAlM0IlMjIlMjBhbGxvd2Z1bGxzY3JlZW4lM0QlMjIlMjIlMjBsb2FkaW5nJTNEJTIybGF6eSUyMiUyMHJlZmVycmVycG9saWN5JTNEJTIybm8tcmVmZXJyZXItd2hlbi1kb3duZ3JhZGUlMjIlM0UlM0MlMkZpZnJhbWUlM0U=&#8221; css=&#8221;.vc_custom_1711016613652{margin-top: 50px !important;border-top-width: 0px !important;border-right-width: 0px !important;border-bottom-width: 0px !important;border-left-width: 0px !important;}&#8221;][\/vc_column][\/vc_row]<\/p>\n<\/div>","protected":false},"excerpt":{"rendered":"<p>[vc_row equal_height=&#8221;yes&#8221;][vc_column offset=&#8221;vc_col-lg-3 vc_col-md-12 vc_col-xs-12&#8243; css=&#8221;.vc_custom_1530797918829{margin-bottom: 0px !important;}&#8221;][vc_row_inner][vc_column_inner][vc_raw_html]JTNDZGl2JTIwY2xhc3MlM0QlMjdjb250bWFpbiUyMHNwZWNpJTI3JTNFJTBBJTNDaDQlM0VBdXRvbGluayUyMFBvbGFuZCUyMFNwLiUyMHolMjBvLm8uJTNDJTJGaDQlM0UlMEElM0NoNSUzRSUzQ2ElMjBocmVmJTNEJTI3aHR0cHMlM0ElMkYlMkZtYXBzLmFwcC5nb28uZ2wlMkYzbXZyWGpZYmNZNm4xZ2duOSUyNyUyMHRhcmdldCUzRCUyMl9ibGFuayUyMiUzRVVsLiUyMEJ1ZG93bGFueWNoJTIwNjhDJTJDJTIwR2RhJUM1JTg0c2slMkMlMjA4MC0yOTglMkMlMjBQb2xhbmQlM0MlMkZhJTNFJTBBJTNDc3BhbiUzRXRlbGVmb24lMjAlM0NhJTIwaHJlZiUzRCUyN3RlbCUzQTAwNDg1ODY3MDQ1ODMlMjclM0UlMkIlMjA0OCUyMDUlMjA4NjcwJTIwNDU4MyUzQyUyRmElM0UlM0MlMkZzcGFuJTNFJTBBJTNDc3BhbiUzRSUzQ2ElMjBocmVmJTNEJTI3bWFpbHRvJTNBaW5mbyU0MGF1dG9saW5rLnBsJTI3JTNFaW5mbyU0MGF1dG9saW5rLnBsJTNDJTJGYSUzRSUzQyUyRnNwYW4lM0UlMEElM0MlMkZkaXYlM0U=[\/vc_raw_html][\/vc_column_inner][\/vc_row_inner][\/vc_column][vc_column offset=&#8221;vc_col-lg-9 vc_col-md-12 vc_col-xs-12&#8243;][vc_row_inner css=&#8221;.vc_custom_1523829845652{margin-bottom: 60px !important;}&#8221;][vc_column_inner el_class=&#8221;vottak&#8221; width=&#8221;1\/3&#8243;][vc_raw_html css=&#8221;&#8221;]JTNDZGl2JTIwY2xhc3MlM0QlMjdjb250bWFpbiUyNyUzRSUwQSUzQ2g0JTNFRWR2aW5hcyUyMFJ5YmVsaXMlM0MlMkZoNCUzRSUwQSUzQ3AlMjBzdHlsZSUzRCUyMmNvbG9yJTNBJTIzZGMwYjE5JTNCJTIyJTNFQ3olQzUlODJvbmVrJTIwWmFyeiVDNCU4NWR1JTNDJTJGcCUzRSUwQSUzQyUyRmRpdiUzRQ==[\/vc_raw_html][\/vc_column_inner][vc_column_inner el_class=&#8221;vottak&#8221; width=&#8221;1\/3&#8243;][\/vc_column_inner][vc_column_inner el_class=&#8221;vottak&#8221; width=&#8221;1\/3&#8243;][\/vc_column_inner][\/vc_row_inner][vc_column_text] PROSIMY O KONTAKT MAILOWY PONI\u017bEJ. [\/vc_column_text][vc_row_inner css=&#8221;.vc_custom_1523829848950{margin-bottom: 60px !important;}&#8221;][vc_column_inner el_class=&#8221;vottak&#8221;][vc_column_text]Cz\u0119ste pytania, oferty&#8230;<\/p>\n","protected":false},"author":1,"featured_media":0,"parent":0,"menu_order":5,"comment_status":"closed","ping_status":"closed","template":"","meta":{"inline_featured_image":false,"footnotes":""},"class_list":["post-3372","page","type-page","status-publish","hentry"],"amp_enabled":true,"_links":{"self":[{"href":"https:\/\/autolink.pl\/pl\/wp-json\/wp\/v2\/pages\/3372","targetHints":{"allow":["GET"]}}],"collection":[{"href":"https:\/\/autolink.pl\/pl\/wp-json\/wp\/v2\/pages"}],"about":[{"href":"https:\/\/autolink.pl\/pl\/wp-json\/wp\/v2\/types\/page"}],"author":[{"embeddable":true,"href":"https:\/\/autolink.pl\/pl\/wp-json\/wp\/v2\/users\/1"}],"replies":[{"embeddable":true,"href":"https:\/\/autolink.pl\/pl\/wp-json\/wp\/v2\/comments?post=3372"}],"version-history":[{"count":10,"href":"https:\/\/autolink.pl\/pl\/wp-json\/wp\/v2\/pages\/3372\/revisions"}],"predecessor-version":[{"id":3581,"href":"https:\/\/autolink.pl\/pl\/wp-json\/wp\/v2\/pages\/3372\/revisions\/3581"}],"wp:attachment":[{"href":"https:\/\/autolink.pl\/pl\/wp-json\/wp\/v2\/media?parent=3372"}],"curies":[{"name":"wp","href":"https:\/\/api.w.org\/{rel}","templated":true}]}}