{"id":3412,"date":"2024-03-21T13:27:26","date_gmt":"2024-03-21T11:27:26","guid":{"rendered":"https:\/\/autolink.pl\/?page_id=3412"},"modified":"2024-03-22T14:37:07","modified_gmt":"2024-03-22T12:37:07","slug":"poznaj-autolink-partner-w-logistyce","status":"publish","type":"page","link":"https:\/\/autolink.pl\/pl\/poznaj-autolink-partner-w-logistyce\/","title":{"rendered":"Poznaj Autolink: Tw\u00f3j partner w doskona\u0142ej logistyce"},"content":{"rendered":"<div class=\"wpb-content-wrapper\"><p>[vc_row][vc_column][vc_column_text css=&#8221;.vc_custom_1711110614555{margin-bottom: 30px !important;}&#8221;]<\/p>\n<h2>Poznaj Autolink<\/h2>\n<h6>Efektywna logistyka pojazd\u00f3w: mistrzostwo w logistyce w Europie i poza ni\u0105<\/h6>\n<p><strong>Autolink Poland Sp. z o.o.<\/strong>, z siedzib\u0105 w stolicy Polski &#8211; Gda\u0144sk, to dynamiczna firma logistyczna specjalizuj\u0105ca si\u0119 w bezproblemowej organizacji transportu pojazd\u00f3w. Nasz\u0105 g\u0142\u00f3wn\u0105 misj\u0105 jest zapewnienie bezpiecznego i terminowego transportu samochod\u00f3w oraz innych pojazd\u00f3w przez r\u00f3\u017cne regiony. Przyjrzymy si\u0119 bli\u017cej naszym <a href=\"https:\/\/autolink.pl\/services\/\">us\u0142ugom<\/a>, zasi\u0119gowi dzia\u0142ania oraz wsp\u00f3\u0142pracy.<\/p>\n<p><strong>Obszary us\u0142ug:<img decoding=\"async\" class=\"aligncenter wp-image-2727 size-full\" role=\"img\" src=\"https:\/\/autolink.pl\/wp-content\/uploads\/2019\/02\/autolink_routes_m_lt.svg\" alt=\"Logistics map logistyce karta\" width=\"769.33\" height=\"387.58\" title=\"\"><\/strong><\/p>\n<ol>\n<li><strong>BeNeLux (Belgia, Holandia, Luksemburg)<\/strong>: Nasza rozleg\u0142a sie\u0107 obejmuje te kluczowe kraje europejskie, pozwalaj\u0105c nam na efektywne zarz\u0105dzanie logistyk\u0105 pojazd\u00f3w w tym regionie. Niezale\u017cnie od tego, czy transportujemy luksusowe sedany, mocne SUVy czy lekkie pojazdy u\u017cytkowe, wszystkie realizowane transporty s\u0105 pod nasz\u0105 sta\u0142\u0105 kontrol\u0105.<\/li>\n<li><strong>Niemcy<\/strong>: Jako g\u0142\u00f3wny o\u015brodek przemys\u0142u motoryzacyjnego, Niemcy wymagaj\u0105 precyzji i niezawodno\u015bci w logistyce. Autolink wyr\u00f3\u017cnia si\u0119 w obs\u0142udze niemieckich przesy\u0142ek samochodowych, zapewniaj\u0105c p\u0142ynne przej\u015bcia od producenta do salon\u00f3w dealerskich.<\/li>\n<li><strong>Skandynawia (Dania i Szwecja)<\/strong>: Kraje nordyckie ceni\u0105 efektywno\u015b\u0107 i zr\u00f3wnowa\u017cony rozw\u00f3j. Nasze us\u0142ugi s\u0105 dostosowane do unikalnych potrzeb skandynawskich rynk\u00f3w samochodowych, k\u0142ad\u0105c nacisk na ekologi\u0119 transportu i punktualne dostawy.<\/li>\n<li><strong>Kraje ba\u0142tyckie (Estonia, \u0141otwa, Litwa)<\/strong>: Nasze korzenie w regionie ba\u0142tyckim s\u0105 g\u0142\u0119bokie. Rozumiemy niuanse lokalnych przepis\u00f3w, warunk\u00f3w klimatycznych i oczekiwa\u0144 klient\u00f3w. Zaufaj nam w kwestii logistyki Twojego pojazdu.<\/li>\n<\/ol>\n<p><strong>Region eurazjatycki<\/strong>: Poza Europ\u0105, Autolink Poland Sp. z o.o. rozszerza swoje us\u0142ugi na inne kraje Eurazji. Nasza szeroka sie\u0107 cz\u0142onk\u00f3w grupy i zaufanych partner\u00f3w pozwala nam obs\u0142ugiwa\u0107 klient\u00f3w w r\u00f3\u017cnorodnych regionach. Niezale\u017cnie od tego, czy chodzi o rozleg\u0142e stepy Kazachstanu czy t\u0119tni\u0105ce \u017cyciem ulice innych miast Eurazji, jeste\u015bmy gotowi do efektywnego transportu pojazd\u00f3w.<\/p>\n<p>Jako cz\u0119\u015b\u0107\u00a0 <a href=\"https:\/\/autolink.ee\/\" target=\"_blank\" rel=\"noopener\">Autolink Group AS<\/a>, \u015bci\u015ble wsp\u00f3\u0142pracujemy z siostrzanymi firmami poza granicami Polski. Nasza firma macierzysta, Autolink Group AS, dzia\u0142a na przeci\u0119ciu logistyki i innowacji. Jest r\u00f3wno w\u0142asno\u015bci\u0105 dw\u00f3ch znacz\u0105cych podmiot\u00f3w:<\/p>\n<ol>\n<li><a href=\"https:\/\/www.bmlg.eu\/\" target=\"_blank\" rel=\"noopener\"><strong>Baltic Maritime Logistics Group AS<\/strong><\/a>: Ugruntowany i bardzo szanowany holding logistyczny, specjalizuj\u0105cy si\u0119 w \u015bwiadczeniu kompleksowych i efektywnych us\u0142ug transportowych i spedycyjnych przez region Morza Ba\u0142tyckiego. Z silnym naciskiem na satysfakcj\u0119 klienta i zaanga\u017cowanie w doskona\u0142o\u015b\u0107.<\/li>\n<li><strong>Aragon Holding AS (Norwegia)<\/strong>: Norweska precyzja spotyka si\u0119 z litewsk\u0105 zwinno\u015bci\u0105. Aragon Holding AS wnosi cenne spostrze\u017cenia i zasoby do naszych operacji, zapewniaj\u0105c, \u017ce pozostajemy na czele w ci\u0105gle ewoluuj\u0105cym krajobrazie logistycznym.\u200e<\/li>\n<\/ol>\n<p>W ramach Autolink Group wsp\u00f3\u0142pracujemy z powi\u0105zanymi firmami zlokalizowanymi w r\u00f3\u017cnych krajach:<\/p>\n<ul>\n<li><a href=\"https:\/\/autolink.de\/\" target=\"_blank\" rel=\"noopener\"><strong>Niemcy<\/strong><\/a>: Nasz niemiecki oddzia\u0142, Autolink Germany GmbH, odgrywa kluczow\u0105 rol\u0119 w europejskiej logistyce. Od autostrad po malownicze trasy alpejskie, poruszaj\u0105 si\u0119 po niemieckim terenie z wpraw\u0105.<\/li>\n<li><a href=\"https:\/\/autolink.fi\/\" target=\"_blank\" rel=\"noopener\"><strong>Finlandia<\/strong>:<\/a> Nasi fi\u0144scy koledzy zajmuj\u0105 si\u0119 logistyk\u0105 w kraju tysi\u0105ca jezior. Unikalna geografia Finlandii stawia ekscytuj\u0105ce wyzwania, a nasz zesp\u00f3\u0142 staje na wysoko\u015bci zadania.<\/li>\n<li><a href=\"https:\/\/autolink.ee\/\" target=\"_blank\" rel=\"noopener\"><strong>Estonia<\/strong>:<\/a> Nasza baza domowa, gdzie wszystko si\u0119 zacz\u0119\u0142o. Autolink Poland utrzymuje silne wi\u0119zi z Estoni\u0105, wykorzystuj\u0105c jej strategiczn\u0105 lokalizacj\u0119 nad Morzem Ba\u0142tyckim dla efektywnego transportu.<\/li>\n<li><a href=\"https:\/\/autolink.lt\/\" target=\"_blank\" rel=\"noopener\"><strong>Litwa<\/strong>:<\/a> Serce Ba\u0142tyku, Litwa mo\u017ce pochwali\u0107 si\u0119 dynamicznym sektorem motoryzacyjnym. Nasi litewscy partnerzy gwarantuj\u0105 p\u0142ynny transport pojazd\u00f3w przez mi\u0119dzynarodowe granice.<\/li>\n<li><a href=\"https:\/\/autolink.kz\" target=\"_blank\" rel=\"noopener\"><strong>Kazachstan<\/strong>:<\/a> Rozleg\u0142e stepy Kazachstanu s\u0105 \u015bwiadkami przej\u015bcia samochod\u00f3w, ci\u0119\u017car\u00f3wek i ci\u0119\u017ckiego sprz\u0119tu. Nasza obecno\u015b\u0107 w A\u0142maty odzwierciedla nasze zaanga\u017cowanie w obs\u0142ug\u0119 rynku eurazjatyckiego.<\/li>\n<\/ul>\n<p>W Autolink nie tylko transportujemy pojazdy; \u0142\u0105czymy ludzi, biznesy i r\u00f3\u017cnorodne rynki na ca\u0142ym \u015bwiecie, tworz\u0105c niezwyk\u0142\u0105 sie\u0107 logistyczn\u0105. Nasze niezachwiane zaanga\u017cowanie w doskona\u0142o\u015b\u0107, niezawodno\u015b\u0107 i zr\u00f3wnowa\u017cony rozw\u00f3j jest si\u0142\u0105, kt\u00f3ra nap\u0119dza nas do ci\u0105g\u0142ego rozwoju. Dzi\u0119ki innowacyjnym rozwi\u0105zaniom logistycznym i podej\u015bciu skoncentrowanym na kliencie, zapewniamy bezpieczny, efektywny i ekologiczny ruch ka\u017cdego pojazdu, co stanowi klucz do naszego sukcesu. Niezale\u017cnie od tego, czy jest to kompaktowy hatchback, czy luksusowy samoch\u00f3d sportowy najwy\u017cszej klasy &#8211; zaufaj naszej profesjonalnej ekipie. Dostarczymy ka\u017cdy pojazd z niezr\u00f3wnan\u0105 precyzj\u0105, najwy\u017csz\u0105 staranno\u015bci\u0105 i g\u0142\u0119bokim zrozumieniem potrzeb naszych klient\u00f3w.<\/p>\n<p>Do\u0142\u0105cz do nas w tej ekscytuj\u0105cej podr\u00f3\u017cy, redefiniuj\u0105c razem logistyk\u0119 pojazd\u00f3w na kontynentach.[\/vc_column_text][\/vc_column][\/vc_row][vc_row full_width=&#8221;stretch_row&#8221; el_class=&#8221;secondary_bg_color&#8221; css=&#8221;.vc_custom_1520975961433{margin-top: 50px !important;margin-bottom: 0px !important;}&#8221;][vc_column][vc_cta h2=&#8221;Nie jeste\u015b pewny, kt\u00f3ra rozwi\u0105zanie pasuje do potrzeb Twojej firmy?&#8221; shape=&#8221;square&#8221; add_button=&#8221;right&#8221; btn_title=&#8221;Skontaktuj si\u0119 teraz.&#8221; btn_style=&#8221;outline&#8221; btn_shape=&#8221;round&#8221; btn_color=&#8221;white&#8221; btn_i_align=&#8221;right&#8221; btn_i_icon_fontawesome=&#8221;stm-arrow-next&#8221; btn_add_icon=&#8221;true&#8221; el_class=&#8221;secondary_bg_color&#8221; btn_link=&#8221;url:https%3A%2F%2Fautolink.pl%2Fpl%2Fkontakt%2F|&#8221;][\/vc_cta][\/vc_column][\/vc_row]<\/p>\n<\/div>","protected":false},"excerpt":{"rendered":"<p>[vc_row][vc_column][vc_column_text css=&#8221;.vc_custom_1711110614555{margin-bottom: 30px !important;}&#8221;] Poznaj Autolink Efektywna logistyka pojazd\u00f3w: mistrzostwo w logistyce w Europie i poza ni\u0105 Autolink Poland Sp. z o.o., z siedzib\u0105 w stolicy Polski &#8211; Gda\u0144sk, to dynamiczna firma logistyczna&#8230;<\/p>\n","protected":false},"author":1,"featured_media":0,"parent":0,"menu_order":4,"comment_status":"closed","ping_status":"closed","template":"","meta":{"inline_featured_image":false,"footnotes":""},"class_list":["post-3412","page","type-page","status-publish","hentry"],"amp_enabled":true,"_links":{"self":[{"href":"https:\/\/autolink.pl\/pl\/wp-json\/wp\/v2\/pages\/3412","targetHints":{"allow":["GET"]}}],"collection":[{"href":"https:\/\/autolink.pl\/pl\/wp-json\/wp\/v2\/pages"}],"about":[{"href":"https:\/\/autolink.pl\/pl\/wp-json\/wp\/v2\/types\/page"}],"author":[{"embeddable":true,"href":"https:\/\/autolink.pl\/pl\/wp-json\/wp\/v2\/users\/1"}],"replies":[{"embeddable":true,"href":"https:\/\/autolink.pl\/pl\/wp-json\/wp\/v2\/comments?post=3412"}],"version-history":[{"count":26,"href":"https:\/\/autolink.pl\/pl\/wp-json\/wp\/v2\/pages\/3412\/revisions"}],"predecessor-version":[{"id":3539,"href":"https:\/\/autolink.pl\/pl\/wp-json\/wp\/v2\/pages\/3412\/revisions\/3539"}],"wp:attachment":[{"href":"https:\/\/autolink.pl\/pl\/wp-json\/wp\/v2\/media?parent=3412"}],"curies":[{"name":"wp","href":"https:\/\/api.w.org\/{rel}","templated":true}]}}